{"id":1460,"date":"2025-09-14T09:52:09","date_gmt":"2025-09-14T09:52:09","guid":{"rendered":"https:\/\/ftv-emmenstrand.ch\/?page_id=1460"},"modified":"2025-09-14T09:52:09","modified_gmt":"2025-09-14T09:52:09","slug":"impressum","status":"publish","type":"page","link":"https:\/\/ftv-emmenstrand.ch\/?page_id=1460","title":{"rendered":"Impressum"},"content":{"rendered":"\n<p>Herausgeberschaft: Frauenturnverein Emmenstrand, Emmenbr\u00fccke<br>Redaktion: Vorstand Frauenturnverein Emmenstrand<br>Bilder und Illustrationen: Alle Rechte bei Frauenturnverein Emmenstrand<br>CMS: WordPress<br>Entwicklung: Elisabeth Gebistorf K\u00e4ch, Emmenbr\u00fccke<br>Hosting: Metanet, Z\u00fcrich<\/p>\n","protected":false},"excerpt":{"rendered":"<p>Herausgeberschaft: Frauenturnverein Emmenstrand, Emmenbr\u00fcckeRedaktion: Vorstand Frauenturnverein EmmenstrandBilder und Illustrationen: Alle Rechte bei Frauenturnverein EmmenstrandCMS: WordPressEntwicklung: Elisabeth Gebistorf K\u00e4ch, Emmenbr\u00fcckeHosting: Metanet, Z\u00fcrich<\/p>\n","protected":false},"author":1,"featured_media":0,"parent":0,"menu_order":0,"comment_status":"closed","ping_status":"closed","template":"","meta":{"saved_in_kubio":false,"footnotes":""},"class_list":["post-1460","page","type-page","status-publish","hentry"],"kubio_ai_page_context":{"short_desc":"","purpose":"general"},"_links":{"self":[{"href":"https:\/\/ftv-emmenstrand.ch\/index.php?rest_route=\/wp\/v2\/pages\/1460","targetHints":{"allow":["GET"]}}],"collection":[{"href":"https:\/\/ftv-emmenstrand.ch\/index.php?rest_route=\/wp\/v2\/pages"}],"about":[{"href":"https:\/\/ftv-emmenstrand.ch\/index.php?rest_route=\/wp\/v2\/types\/page"}],"author":[{"embeddable":true,"href":"https:\/\/ftv-emmenstrand.ch\/index.php?rest_route=\/wp\/v2\/users\/1"}],"replies":[{"embeddable":true,"href":"https:\/\/ftv-emmenstrand.ch\/index.php?rest_route=%2Fwp%2Fv2%2Fcomments&post=1460"}],"version-history":[{"count":1,"href":"https:\/\/ftv-emmenstrand.ch\/index.php?rest_route=\/wp\/v2\/pages\/1460\/revisions"}],"predecessor-version":[{"id":1461,"href":"https:\/\/ftv-emmenstrand.ch\/index.php?rest_route=\/wp\/v2\/pages\/1460\/revisions\/1461"}],"wp:attachment":[{"href":"https:\/\/ftv-emmenstrand.ch\/index.php?rest_route=%2Fwp%2Fv2%2Fmedia&parent=1460"}],"curies":[{"name":"wp","href":"https:\/\/api.w.org\/{rel}","templated":true}]}}