{"id":586,"date":"2025-03-30T15:39:20","date_gmt":"2025-03-30T15:39:20","guid":{"rendered":"https:\/\/ftv-emmenstrand.ch\/?page_id=586"},"modified":"2025-10-12T17:49:34","modified_gmt":"2025-10-12T15:49:34","slug":"frauen-35-turnen","status":"publish","type":"page","link":"https:\/\/ftv-emmenstrand.ch\/?page_id=586","title":{"rendered":"Turnen f\u00fcr Frauen 60+"},"content":{"rendered":"\n<p>Fitness im Alter heisst: Fit und beweglich bleiben sowie Spass haben an der Bewegung gemeinsam mit Gleichgesinnten. R\u00fcckengymnastik und Gymnastik mit Musik stehen an den Trainingsabenden im Vordergrund. Und nat\u00fcrlich d\u00fcrfen die gesellschaftlichen Anl\u00e4sse wie Grillabende, Ausfl\u00fcge, Reisen und Wanderungen nicht fehlen. <\/p>\n\n\n\n<figure class=\"wp-block-table\"><table class=\"has-fixed-layout\"><tbody><tr><td>Wann<\/td><td>jeweils am Dienstag, 19.00 bis 20.00 Uhr<\/td><\/tr><tr><td>Wo<\/td><td>neue Turnhalle Krauerschulhaus, Emmenbr\u00fccke<\/td><\/tr><tr><td>Verantwortliche<\/td><td>Brigitte K\u00e4gi<\/td><\/tr><tr><td>Kontakt<\/td><td><a href=\"mailto:tk@ftv-emmenstrand.ch\" data-type=\"link\" data-id=\"BrigitteKaegi@ftv-emmenstrand.ch\">E-Mail<\/a><\/td><\/tr><\/tbody><\/table><\/figure>\n\n\n\n<p>Interessiert an einem unverbindlichen Schnuppertraining? Bitte kontaktiere unsere technische Leiterin Brigitte K\u00e4gi, wir freuen uns auf dich!<\/p>\n\n\n\n<div class=\"wp-block-buttons is-layout-flex wp-block-buttons-is-layout-flex\"><\/div>\n\n\n\n<p><\/p>\n\n\n\n<p><\/p>\n\n\n\n<p><\/p>\n\n\n","protected":false},"excerpt":{"rendered":"<p>Fitness im Alter heisst: Fit und beweglich bleiben sowie Spass haben an der Bewegung gemeinsam mit Gleichgesinnten. R\u00fcckengymnastik und Gymnastik mit Musik stehen an den Trainingsabenden im Vordergrund. Und nat\u00fcrlich d\u00fcrfen die gesellschaftlichen Anl\u00e4sse wie Grillabende, Ausfl\u00fcge, Reisen und Wanderungen nicht fehlen. Wann jeweils am Dienstag, 19.00 bis 20.00 Uhr Wo neue Turnhalle Krauerschulhaus, Emmenbr\u00fccke [&hellip;]<\/p>\n","protected":false},"author":1,"featured_media":0,"parent":0,"menu_order":0,"comment_status":"closed","ping_status":"closed","template":"","meta":{"saved_in_kubio":true,"footnotes":""},"class_list":["post-586","page","type-page","status-publish","hentry"],"kubio_ai_page_context":{"short_desc":"","purpose":"general"},"_links":{"self":[{"href":"https:\/\/ftv-emmenstrand.ch\/index.php?rest_route=\/wp\/v2\/pages\/586","targetHints":{"allow":["GET"]}}],"collection":[{"href":"https:\/\/ftv-emmenstrand.ch\/index.php?rest_route=\/wp\/v2\/pages"}],"about":[{"href":"https:\/\/ftv-emmenstrand.ch\/index.php?rest_route=\/wp\/v2\/types\/page"}],"author":[{"embeddable":true,"href":"https:\/\/ftv-emmenstrand.ch\/index.php?rest_route=\/wp\/v2\/users\/1"}],"replies":[{"embeddable":true,"href":"https:\/\/ftv-emmenstrand.ch\/index.php?rest_route=%2Fwp%2Fv2%2Fcomments&post=586"}],"version-history":[{"count":16,"href":"https:\/\/ftv-emmenstrand.ch\/index.php?rest_route=\/wp\/v2\/pages\/586\/revisions"}],"predecessor-version":[{"id":1826,"href":"https:\/\/ftv-emmenstrand.ch\/index.php?rest_route=\/wp\/v2\/pages\/586\/revisions\/1826"}],"wp:attachment":[{"href":"https:\/\/ftv-emmenstrand.ch\/index.php?rest_route=%2Fwp%2Fv2%2Fmedia&parent=586"}],"curies":[{"name":"wp","href":"https:\/\/api.w.org\/{rel}","templated":true}]}}