{"id":8,"date":"2025-02-16T14:57:27","date_gmt":"2025-02-16T14:57:27","guid":{"rendered":"https:\/\/ftv-emmenstrand.ch\/?page_id=8"},"modified":"2025-10-27T20:55:13","modified_gmt":"2025-10-27T19:55:13","slug":"frauen-35-2","status":"publish","type":"page","link":"https:\/\/ftv-emmenstrand.ch\/?page_id=8","title":{"rendered":"Turnen f\u00fcr Frauen 35+"},"content":{"rendered":"\n<p>Ein polysportives Bewegungsangebot f\u00fcr gesundheits- und fitnessorientierte Frauen 35 +<\/p>\n\n\n\n<figure class=\"wp-block-table\"><table class=\"has-fixed-layout\"><tbody><tr><td>Wann<\/td><td>jeweils am Dienstag, 20.15 bis 21.30 Uhr<\/td><\/tr><tr><td>Wo<\/td><td>neue Turnhalle Krauerschulhaus, Emmenbr\u00fccke<\/td><\/tr><tr><td>Verantwortliche<\/td><td>Brigitte K\u00e4gi<\/td><\/tr><tr><td>Kontakt<\/td><td><a href=\"mailto:tk@ftv-emmenstrand.ch\" data-type=\"mailto\" data-id=\"mailto:BrigitteKaegi@ftv-emmenstrand.ch\">E-Mail<\/a><\/td><\/tr><\/tbody><\/table><\/figure>\n\n\n\n<p>Fitness, Beweglichkeit, Kraft und Ausdauer werden erhalten und gef\u00f6rdert &#8211; eine Voraussetzung f\u00fcr eine gute Lebensqualit\u00e4t. <\/p>\n\n\n\n<div class=\"wp-block-buttons is-layout-flex wp-block-buttons-is-layout-flex\">\n<div class=\"wp-block-button\"><a class=\"wp-block-button__link wp-element-button\">Aerobic<\/a><\/div>\n\n\n\n<div class=\"wp-block-button\"><a class=\"wp-block-button__link wp-element-button\">Power-Yoga<\/a><\/div>\n\n\n\n<div class=\"wp-block-button\"><a class=\"wp-block-button__link wp-element-button\">Steps<\/a><\/div>\n\n\n\n<div class=\"wp-block-button\"><a class=\"wp-block-button__link wp-element-button\">Body-Shaping<\/a><\/div>\n\n\n\n<div class=\"wp-block-button\"><a class=\"wp-block-button__link wp-element-button\">Pilates<\/a><\/div>\n\n\n\n<div class=\"wp-block-button\"><a class=\"wp-block-button__link wp-element-button\">Ausdauer<\/a><\/div>\n<\/div>\n\n\n\n<p>Nat\u00fcrlich d\u00fcrfen die gesellschaftlichen Anl\u00e4sse nicht fehlen (siehe <a href=\"https:\/\/ftv-emmenstrand.ch\/?page_id=245\" data-type=\"page\" data-id=\"245\">aktuelles Jahresprogramm<\/a>).<\/p>\n\n\n\n<p>Interessiert an einem unverbindlichen Schnuppertraining? Bitte kontaktiere unsere technische Leiterin Brigitte K\u00e4gi, wir freuen uns auf dich. Die Trainings finden in der neuen Turnhalle Krauerschulhaus statt. Es erwartet dich ein abwechslungsreiches Turnprogramm.<\/p>\n\n\n\n<p><\/p>\n\n\n","protected":false},"excerpt":{"rendered":"<p>Ein polysportives Bewegungsangebot f\u00fcr gesundheits- und fitnessorientierte Frauen 35 + Wann jeweils am Dienstag, 20.15 bis 21.30 Uhr Wo neue Turnhalle Krauerschulhaus, Emmenbr\u00fccke Verantwortliche Brigitte K\u00e4gi Kontakt E-Mail Fitness, Beweglichkeit, Kraft und Ausdauer werden erhalten und gef\u00f6rdert &#8211; eine Voraussetzung f\u00fcr eine gute Lebensqualit\u00e4t. Nat\u00fcrlich d\u00fcrfen die gesellschaftlichen Anl\u00e4sse nicht fehlen (siehe aktuelles Jahresprogramm). Interessiert [&hellip;]<\/p>\n","protected":false},"author":1,"featured_media":0,"parent":0,"menu_order":0,"comment_status":"closed","ping_status":"closed","template":"","meta":{"saved_in_kubio":true,"footnotes":""},"class_list":["post-8","page","type-page","status-publish","hentry"],"kubio_ai_page_context":{"short_desc":"","purpose":"general"},"_links":{"self":[{"href":"https:\/\/ftv-emmenstrand.ch\/index.php?rest_route=\/wp\/v2\/pages\/8","targetHints":{"allow":["GET"]}}],"collection":[{"href":"https:\/\/ftv-emmenstrand.ch\/index.php?rest_route=\/wp\/v2\/pages"}],"about":[{"href":"https:\/\/ftv-emmenstrand.ch\/index.php?rest_route=\/wp\/v2\/types\/page"}],"author":[{"embeddable":true,"href":"https:\/\/ftv-emmenstrand.ch\/index.php?rest_route=\/wp\/v2\/users\/1"}],"replies":[{"embeddable":true,"href":"https:\/\/ftv-emmenstrand.ch\/index.php?rest_route=%2Fwp%2Fv2%2Fcomments&post=8"}],"version-history":[{"count":20,"href":"https:\/\/ftv-emmenstrand.ch\/index.php?rest_route=\/wp\/v2\/pages\/8\/revisions"}],"predecessor-version":[{"id":1843,"href":"https:\/\/ftv-emmenstrand.ch\/index.php?rest_route=\/wp\/v2\/pages\/8\/revisions\/1843"}],"wp:attachment":[{"href":"https:\/\/ftv-emmenstrand.ch\/index.php?rest_route=%2Fwp%2Fv2%2Fmedia&parent=8"}],"curies":[{"name":"wp","href":"https:\/\/api.w.org\/{rel}","templated":true}]}}